{"id":82,"date":"2023-10-08T21:32:40","date_gmt":"2023-10-08T19:32:40","guid":{"rendered":"http:\/\/myadventurebike.fr\/?page_id=82"},"modified":"2026-04-07T21:02:39","modified_gmt":"2026-04-07T19:02:39","slug":"gipsy-bmw-f800-gs","status":"publish","type":"page","link":"https:\/\/myadventurebike.com\/index.php\/gipsy-bmw-f800-gs\/","title":{"rendered":"Gypsy"},"content":{"rendered":"<div class=\"wp-block-image is-style-default\">\n<figure class=\"aligncenter size-full is-resized\"><img fetchpriority=\"high\" decoding=\"async\" width=\"800\" height=\"530\" src=\"https:\/\/myadventurebike.com\/wp-content\/uploads\/2025\/11\/argonne_myadv_7.webp\" alt=\"\" class=\"wp-image-2195\" style=\"width:571px;height:auto\" srcset=\"https:\/\/myadventurebike.com\/wp-content\/uploads\/2025\/11\/argonne_myadv_7.webp 800w, https:\/\/myadventurebike.com\/wp-content\/uploads\/2025\/11\/argonne_myadv_7-300x200.webp 300w, https:\/\/myadventurebike.com\/wp-content\/uploads\/2025\/11\/argonne_myadv_7-768x509.webp 768w\" sizes=\"(max-width: 800px) 100vw, 800px\" \/><\/figure>\n<\/div>\n\n\n<figure class=\"wp-block-table\"><table><thead><tr><th><strong>Caract\u00e9ristiques g\u00e9n\u00e9rales<\/strong> (Mod\u00e8le F800 GS 2014 K72)<\/th><\/tr><\/thead><tbody><tr><td><strong>Moteur<\/strong><br>Cylindr\u00e9e: 798cm3<br>Cylindre : 2<br>Puissance : CV\/kW : 85\/63 \u00e0 7.500trs\/min<br>Couple : 83 Nm \u00e0 5.750trs\/min<br>Jeu de soupapes (activ\u00e9) :&nbsp; 0,18-0,26 MM<br>Jeu de soupapes (d\u00e9sactiv\u00e9) : 0,27-0,35 MM<br>Vitesse de ralenti : 1250 \u00b1 50 U\/MIN<br>Bougie d&rsquo;allumage : NGK DPR8E<br>Espace entre les \u00e9lectrodes : 0,8-0,9 MM<\/td><\/tr><tr><td><strong>Transmission<\/strong> <br>Pignon\/Couronne : 16\/42 dents<br>Cha\u00eene : 116 maillons<br>\u200b<br><strong>Partie Cycle<\/strong><br>Poids : 191kg &#8211; 214 kg en ordre de marche<br>Hauteur d&rsquo;assise: 880 mm <br>Cadre : poutre tubulaire en profils d&rsquo;acier avec cadre arri\u00e8re boulonn\u00e9<br>Longueur : 2320 mm<br>Largeur : 945 mm<br>Pneu avant : 90\/90-54V 54 V &#8211; 2,2 (2,4 en duo) BAR<br>Pneu arri\u00e8re : 150\/70-17 69V-&nbsp; 2,4 (2,8 en duo) BAR<br>Suspension avant : Fourche invers\u00e9  43mm &#8211; d\u00e9b. 230mm<br>Suspension arri\u00e8re : Double bras oscillant en profils d&rsquo;acier, combin\u00e9 ressort-amortisseur central command\u00e9 par syst\u00e8me de biellettes, compression \u00e0 r\u00e9glage hydraulique en continu \u00e0 l&rsquo;aide d&rsquo;une molette, d\u00e9tente r\u00e9glable. D\u00e9battement 215 mm.<br>Frein avant : Double-disque de diam\u00e8tre 300 mm, \u00e9trier flottant \u00e0 2 pistons, ABS<br>Frein arri\u00e8re : Monodisque de diam\u00e8tre 265 mm, \u00e9trier flottant \u00e0 1 piston, ABS\u200b<br><br><strong>Contenances<\/strong><br>Fourche par tube : 610 ML SAE 7,5W<br>Huile moteur : 15W-50 JASO MA2 &#8211; 2,9 L MIN. API SJ<br>Liquide de frein : DOT 4<br>Carburant : 16,0 L<br>Liquide de refroidissement : 1,75 L<\/td><\/tr><\/tbody><\/table><\/figure>\n\n\n\n<figure class=\"wp-block-image size-full is-resized\"><img decoding=\"async\" width=\"800\" height=\"534\" src=\"https:\/\/gypsy.myadventurebike.com\/wp-content\/uploads\/2024\/10\/P1000775.webp\" alt=\"\" class=\"wp-image-1132\" style=\"width:242px;height:auto\" srcset=\"https:\/\/myadventurebike.com\/wp-content\/uploads\/2024\/10\/P1000775.webp 800w, https:\/\/myadventurebike.com\/wp-content\/uploads\/2024\/10\/P1000775-300x200.webp 300w, https:\/\/myadventurebike.com\/wp-content\/uploads\/2024\/10\/P1000775-768x513.webp 768w\" sizes=\"(max-width: 800px) 100vw, 800px\" \/><\/figure>\n\n\n\n<figure class=\"wp-block-table\"><table class=\"has-black-color has-text-color has-link-color has-fixed-layout\"><thead><tr><th><strong>Ma Gypsy&#8230;<\/strong><\/th><th><\/th><\/tr><\/thead><tbody><tr><td><strong>M\u00e9canique<\/strong><\/td><td><strong>Accessoires<\/strong><\/td><\/tr><tr><td><strong>Moteur<\/strong><br><strong>Huile<\/strong>\u00a0 Motorex Formula 4T 15W50 Synth\u00e9tique\u200b<br><strong>Filtre \u00e0 huile\u00a0<\/strong> K&amp;N\u200b 160<br><strong>Filtre \u00e0 air\u00a0<\/strong> Unifilter ou K&amp;N<br><em>Nettoyant filtre \u00e0 air : Motorex Racing BIO Air Cleaner (poudre)<br>Huile filtre \u00e0 air : IPONE<\/em><br><br><strong>Fourche<\/strong><br>Huile Motorex Racing fork oil 7.5W<br><br><strong>Freinage<\/strong><br><strong>Plaquettes AV <\/strong>TRW m\u00e9tal fritt\u00e9 MCB 671 SV\u200b<br><strong>Plaquettes AR<\/strong>\u00a0 Brembo Organique Carbon Ceramic<br><strong>Disque AR\u00a0<\/strong> Moto Master<br><strong>Liquide<\/strong> DOT4 MOTUL LV <br><br><strong>Pneus\u00a0<\/strong><br>AV : Continental TKC70 90\/90  x21<br>AR : Continental TKC70 150\/70 TL\u00a0 x 17<br><br><strong>Roulements de roues<\/strong><br>All Ball Racing AV et AR<br><br><strong>Transmission <\/strong><br>JT SPROCKETS<br>Cha\u00eene 116 maillons 525 XR3 X Rings &#8211; 2.33Kg<br>Couronne 42 dents<br>Pignon 15 dents &#8211; 0.15 Kg (16 dents d&rsquo;origine)<br><br><strong>Chargeur\/ mainteneur de batterie<\/strong> : <br>Optimate 4<br><br>Contr\u00f4leur ODB Link + Application Motoscan Pro<br><br><\/td><td><strong>Protections<\/strong><br>&#8211; Bulle haute Wunderlich + D\u00e9flecteur PUIG<br>&#8211; Pares mains GIVI<br>&#8211; Crash Bar GIVI<br>&#8211; Sabot moteur Zieger<br>&#8211; Grille de protection Radiateur m\u00e9tal Rugged Road<br>&#8211; Protection de tube de fourche Acerbis<br>&#8211; Protection de fourche Kriega<br><br><strong>Poste de pilotage<\/strong><br>&#8211; Chassis support GPS Motoboxer<br>&#8211; R\u00e9hausseur de guidon 20 mm SW MOTECH<br>&#8211; Protection ma\u00eetre cylindre de frein arri\u00e8re SW MOTECH<br>&#8211; Prise USB Optimate<br>&#8211; Poign\u00e9es chauffantes BMW origine<br>&#8211; Manchons hiver GIVI TM421<br>&#8211; Phare LED Kemi Moto<br>&#8211; S\u00e9lecteur repliable Touratech<br><br>&#8211; <strong>Selles<\/strong> <br>&#8211; Sellerie Confort &#8211; Hauteur d&rsquo;assise 910mm optimis\u00e9e Duo<br>&#8211; Selle rouge pilote seul &#8211; Hauteur d&rsquo;assise 890mm<br><br><strong>Navigation<\/strong><br>&#8211; Smartphone Crosscall Core X4<br>&#8211; Applications smartphone : TomTom, OsmAnd<br>&#8211; Support de GPS\u00a0 MotoBoxer<br>\u200b\u200b\u00a0<br><strong>Bagagerie<\/strong><br>&#8211; Sac 21&rsquo;Brothers Rogal XL<br>&#8211; Sacoches 21&rsquo;Brothers Bag+10<br>&#8211; Sacoche de r\u00e9servoir Wunderlich Elephant<br>&#8211; Top case et valises BMW Vario<br>&#8211; Sac SW Motech\u00a0 Drybag 600<br>&#8211; Sac SW Motech Drybag 180<br>&#8211; Plateau Motoboxer pour utilisation avec le Drybag 600<br><br><\/td><\/tr><\/tbody><\/table><\/figure>\n\n\n<div class=\"wp-block-image\">\n<figure class=\"alignright size-large is-resized\"><a href=\"http:\/\/21brothers.eu\/\" target=\"_blank\" rel=\" noreferrer noopener\"><img decoding=\"async\" width=\"800\" height=\"213\" src=\"https:\/\/myadventurebike.com\/wp-content\/uploads\/2025\/06\/logo_21brothers-800x213.png\" alt=\"21'brothers\" class=\"wp-image-1980\" style=\"width:414px;height:auto\" srcset=\"https:\/\/myadventurebike.com\/wp-content\/uploads\/2025\/06\/logo_21brothers-800x213.png 800w, https:\/\/myadventurebike.com\/wp-content\/uploads\/2025\/06\/logo_21brothers-300x80.png 300w, https:\/\/myadventurebike.com\/wp-content\/uploads\/2025\/06\/logo_21brothers-768x205.png 768w, https:\/\/myadventurebike.com\/wp-content\/uploads\/2025\/06\/logo_21brothers.png 1134w\" sizes=\"(max-width: 800px) 100vw, 800px\" \/><\/a><\/figure>\n<\/div>\n\n\n<figure class=\"wp-block-image size-full is-resized\"><img loading=\"lazy\" decoding=\"async\" width=\"220\" height=\"220\" src=\"https:\/\/myadventurebike.com\/wp-content\/uploads\/2024\/12\/odbLink.jpg\" alt=\"\" class=\"wp-image-1779\" style=\"width:150px;height:auto\" srcset=\"https:\/\/myadventurebike.com\/wp-content\/uploads\/2024\/12\/odbLink.jpg 220w, https:\/\/myadventurebike.com\/wp-content\/uploads\/2024\/12\/odbLink-150x150.jpg 150w, https:\/\/myadventurebike.com\/wp-content\/uploads\/2024\/12\/odbLink-75x75.jpg 75w\" sizes=\"(max-width: 220px) 100vw, 220px\" \/><\/figure>\n\n\n\n<p><strong>OBDLink LX Bluetooth<\/strong> <\/p>\n\n\n\n<p><a href=\"https:\/\/www.obdauto.fr\/obdlink-lx-bluetooth-interface-diagnostic-sans-fil-compatible-android-windows-c2x24744091\">https:\/\/www.obdauto.fr\/obdlink-lx-bluetooth-interface-diagnostic-sans-fil-compatible-android-windows-c2x24744091<\/a><\/p>\n\n\n\n<p><\/p>\n\n\n\n<p><\/p>\n\n\n\n<p><\/p>\n\n\n\n<p><br><\/p>\n\n\n\n<p><\/p>\n\n\n\n<p>\u200b<\/p>\n\n\n\n<p><\/p>\n\n\n\n<p><\/p>\n\n\n\n<p><\/p>\n","protected":false},"excerpt":{"rendered":"<p>Caract\u00e9ristiques g\u00e9n\u00e9rales (Mod\u00e8le F800 GS 2014 K72) MoteurCylindr\u00e9e: 798cm3Cylindre : 2Puissance : CV\/kW : 85\/63 \u00e0 7.500trs\/minCouple : 83 Nm \u00e0 5.750trs\/minJeu de soupapes (activ\u00e9) :&nbsp; 0,18-0,26 MMJeu de soupapes (d\u00e9sactiv\u00e9) : 0,27-0,35 MMVitesse de ralenti : 1250 \u00b1 50 U\/MINBougie d&rsquo;allumage : NGK DPR8EEspace entre les \u00e9lectrodes : 0,8-0,9 MM Transmission Pignon\/Couronne : 16\/42 dentsCha\u00eene : 116 maillons\u200bPartie CyclePoids : 191kg &#8211; 214 kg en ordre de marcheHauteur d&rsquo;assise: 880 mm Cadre : poutre tubulaire en profils d&rsquo;acier avec cadre arri\u00e8re boulonn\u00e9Longueur : 2320 mmLargeur : 945 mmPneu avant : 90\/90-54V 54 V &#8211; 2,2 (2,4 en duo) BARPneu arri\u00e8re : 150\/70-17 69V-&nbsp; 2,4 (2,8 en duo) BARSuspension avant : Fourche invers\u00e9 43mm &#8211; d\u00e9b. 230mmSuspension arri\u00e8re : Double bras oscillant en profils d&rsquo;acier, combin\u00e9 ressort-amortisseur central command\u00e9 par syst\u00e8me de biellettes, compression \u00e0 r\u00e9glage hydraulique en continu \u00e0 l&rsquo;aide d&rsquo;une molette, d\u00e9tente r\u00e9glable. D\u00e9battement 215 mm.Frein avant : Double-disque de diam\u00e8tre 300 mm, \u00e9trier flottant \u00e0 2 pistons, ABSFrein arri\u00e8re : Monodisque de diam\u00e8tre 265 mm, \u00e9trier flottant \u00e0 1 piston, ABS\u200b ContenancesFourche par tube : 610 ML SAE 7,5WHuile moteur : 15W-50 JASO MA2 &#8211; 2,9 L MIN. API SJLiquide de frein : DOT 4Carburant : 16,0 LLiquide de refroidissement : 1,75 L Ma Gypsy&#8230; M\u00e9canique Accessoires MoteurHuile\u00a0 Motorex Formula 4T 15W50 Synth\u00e9tique\u200bFiltre \u00e0 huile\u00a0 K&amp;N\u200b 160Filtre \u00e0 air\u00a0 Unifilter ou K&amp;NNettoyant filtre \u00e0 air : Motorex Racing BIO Air Cleaner (poudre)Huile filtre \u00e0 air : IPONE FourcheHuile Motorex Racing fork oil 7.5W FreinagePlaquettes AV TRW m\u00e9tal fritt\u00e9 MCB 671 SV\u200bPlaquettes AR\u00a0 Brembo Organique Carbon CeramicDisque AR\u00a0 Moto MasterLiquide DOT4 MOTUL LV Pneus\u00a0AV : Continental TKC70 90\/90 x21AR : Continental TKC70 150\/70 TL\u00a0 x 17 Roulements de rouesAll Ball Racing AV et AR Transmission JT SPROCKETSCha\u00eene 116 maillons 525 XR3 X Rings &#8211; 2.33KgCouronne 42 dentsPignon 15 dents &#8211; 0.15 Kg (16 dents d&rsquo;origine) Chargeur\/ mainteneur de batterie : Optimate 4 Contr\u00f4leur ODB Link + Application Motoscan Pro Protections&#8211; Bulle haute Wunderlich + D\u00e9flecteur PUIG&#8211; Pares mains GIVI&#8211; Crash Bar GIVI&#8211; Sabot moteur Zieger&#8211; Grille de protection Radiateur m\u00e9tal Rugged Road&#8211; Protection de tube de fourche Acerbis&#8211; Protection de fourche Kriega Poste de pilotage&#8211; Chassis support GPS Motoboxer&#8211; R\u00e9hausseur de guidon 20 mm SW MOTECH&#8211; Protection ma\u00eetre cylindre de frein arri\u00e8re SW MOTECH&#8211; Prise USB Optimate&#8211; Poign\u00e9es chauffantes BMW origine&#8211; Manchons hiver GIVI TM421&#8211; Phare LED Kemi Moto&#8211; S\u00e9lecteur repliable Touratech &#8211; Selles &#8211; Sellerie Confort &#8211; Hauteur d&rsquo;assise 910mm optimis\u00e9e Duo&#8211; Selle rouge pilote seul &#8211; Hauteur d&rsquo;assise 890mm Navigation&#8211; Smartphone Crosscall Core X4&#8211; Applications smartphone : TomTom, OsmAnd&#8211; Support de GPS\u00a0 MotoBoxer\u200b\u200b\u00a0Bagagerie&#8211; Sac 21&rsquo;Brothers Rogal XL&#8211; Sacoches 21&rsquo;Brothers Bag+10&#8211; Sacoche de r\u00e9servoir Wunderlich Elephant&#8211; Top case et valises BMW Vario&#8211; Sac SW Motech\u00a0 Drybag 600&#8211; Sac SW Motech Drybag 180&#8211; Plateau Motoboxer pour utilisation avec le Drybag 600 OBDLink LX Bluetooth https:\/\/www.obdauto.fr\/obdlink-lx-bluetooth-interface-diagnostic-sans-fil-compatible-android-windows-c2x24744091 \u200b<\/p>\n","protected":false},"author":1,"featured_media":0,"parent":0,"menu_order":0,"comment_status":"closed","ping_status":"closed","template":"","meta":{"footnotes":""},"class_list":["post-82","page","type-page","status-publish","hentry"],"acf":[],"_links":{"self":[{"href":"https:\/\/myadventurebike.com\/index.php\/wp-json\/wp\/v2\/pages\/82","targetHints":{"allow":["GET"]}}],"collection":[{"href":"https:\/\/myadventurebike.com\/index.php\/wp-json\/wp\/v2\/pages"}],"about":[{"href":"https:\/\/myadventurebike.com\/index.php\/wp-json\/wp\/v2\/types\/page"}],"author":[{"embeddable":true,"href":"https:\/\/myadventurebike.com\/index.php\/wp-json\/wp\/v2\/users\/1"}],"replies":[{"embeddable":true,"href":"https:\/\/myadventurebike.com\/index.php\/wp-json\/wp\/v2\/comments?post=82"}],"version-history":[{"count":17,"href":"https:\/\/myadventurebike.com\/index.php\/wp-json\/wp\/v2\/pages\/82\/revisions"}],"predecessor-version":[{"id":2440,"href":"https:\/\/myadventurebike.com\/index.php\/wp-json\/wp\/v2\/pages\/82\/revisions\/2440"}],"wp:attachment":[{"href":"https:\/\/myadventurebike.com\/index.php\/wp-json\/wp\/v2\/media?parent=82"}],"curies":[{"name":"wp","href":"https:\/\/api.w.org\/{rel}","templated":true}]}}