{"id":8,"date":"2023-09-27T20:59:11","date_gmt":"2023-09-27T18:59:11","guid":{"rendered":"http:\/\/myadventurebike.fr\/?page_id=8"},"modified":"2026-03-19T20:22:26","modified_gmt":"2026-03-19T19:22:26","slug":"ceci-est-ma-page-daccueil","status":"publish","type":"page","link":"https:\/\/myadventurebike.com\/","title":{"rendered":"Salut les P&rsquo;tits Loups !"},"content":{"rendered":"\n<div class=\"wp-block-media-text is-stacked-on-mobile\" style=\"grid-template-columns:52% auto\"><figure class=\"wp-block-media-text__media\"><img fetchpriority=\"high\" decoding=\"async\" width=\"800\" height=\"530\" src=\"https:\/\/myadventurebike.com\/wp-content\/uploads\/2026\/01\/gypsy_piste_myadv.webp\" alt=\"\" class=\"wp-image-2353 size-full\" srcset=\"https:\/\/myadventurebike.com\/wp-content\/uploads\/2026\/01\/gypsy_piste_myadv.webp 800w, https:\/\/myadventurebike.com\/wp-content\/uploads\/2026\/01\/gypsy_piste_myadv-300x200.webp 300w, https:\/\/myadventurebike.com\/wp-content\/uploads\/2026\/01\/gypsy_piste_myadv-768x509.webp 768w\" sizes=\"(max-width: 800px) 100vw, 800px\" \/><\/figure><div class=\"wp-block-media-text__content\">\n<p style=\"font-size:14px\"><strong>Bienvenue sur mon site !<\/strong><br><br>Je t\u2019emm\u00e8ne avec Gypsy, ma fid\u00e8le BMW F800GS , entre pistes roulantes, routes oubli\u00e9es, paysages bruts et lieux charg\u00e9s d\u2019histoire.<\/p>\n\n\n\n<p style=\"font-size:14px\">Ici, c\u2019est du <strong>vrai trail<\/strong>, du <strong>voyage authentique<\/strong>, du <strong>matos test\u00e9 sur le terrain<\/strong>, des <strong>vlogs d\u2019aventure<\/strong>, et des <strong>conseils pratiques<\/strong> pour ceux qui veulent partir, d\u00e9couvrir\u2026 et surtout rouler.<br><br>Tu pourras t\u00e9l\u00e9charger les road book de quelques uns de mes road trip et lire mes carnets de voyage. Tu trouveras \u00e9galement quelques tests et le d\u00e9tail de mes \u00e9quipements pilote, moto et vid\u00e9o ! <br><strong><br>Trail, histoire et libert\u00e9<\/strong> !<br><strong>On part quand ?<br>Eric<\/strong><\/p>\n<\/div><\/div>\n\n\n\n<div class=\"wp-block-media-text is-stacked-on-mobile\" style=\"grid-template-columns:19% auto\"><figure class=\"wp-block-media-text__media\"><a href=\"https:\/\/www.youtube.com\/@gypsy-myadventurebike\"><img decoding=\"async\" width=\"600\" height=\"400\" src=\"https:\/\/myadventurebike.com\/wp-content\/uploads\/2025\/09\/myadv_yt.webp\" alt=\"\" class=\"wp-image-2103 size-full\" srcset=\"https:\/\/myadventurebike.com\/wp-content\/uploads\/2025\/09\/myadv_yt.webp 600w, https:\/\/myadventurebike.com\/wp-content\/uploads\/2025\/09\/myadv_yt-300x200.webp 300w\" sizes=\"(max-width: 600px) 100vw, 600px\" \/><\/a><\/figure><div class=\"wp-block-media-text__content\">\n<p class=\"has-black-color has-text-color has-link-color has-small-font-size wp-elements-f097cd56178f97292c60f3385a1a54b2\"><strong>Ma nouvelle Cha\u00eene YouTube, version 2 !<\/strong><br>Aventure moto &amp; trail authentique.<br>Road trips, petites routes, pistes, lieux oubli\u00e9s et d\u00e9couvertes historiques.<br>Vlogs, matos, libert\u00e9.<br><strong>Bienvenue sur Gypsy \u2013 My Adventure Bike.<\/strong><\/p>\n<\/div><\/div>\n\n\n\n<blockquote class=\"wp-block-quote is-layout-flow wp-block-quote-is-layout-flow\">\n<p><strong>\u00ab\u00a0Je trace ma route avec exigence et curiosit\u00e9, fid\u00e8le \u00e0 mes valeurs,<\/strong><br><strong>libre d&rsquo;explorer ce qui fait vibrer mon \u00e2me.\u00a0\u00bb<\/strong><\/p>\n<\/blockquote>\n\n\n<ul style=\"font-size:12px;font-style:normal;font-weight:300;\" class=\"wp-block-latest-posts__list is-grid columns-3 wp-block-latest-posts\"><li><div class=\"wp-block-latest-posts__featured-image aligncenter\"><img decoding=\"async\" width=\"300\" height=\"170\" src=\"https:\/\/myadventurebike.com\/wp-content\/uploads\/2026\/03\/marais_flandre_blog.webp\" class=\"attachment-medium size-medium wp-post-image\" alt=\"\" style=\"\" \/><\/div><a class=\"wp-block-latest-posts__post-title\" href=\"https:\/\/myadventurebike.com\/index.php\/2026\/03\/14\/des-marais-a-la-flandres\/\">Des Marais \u00e0 la Flandres<\/a><\/li>\n<li><div class=\"wp-block-latest-posts__featured-image aligncenter\"><img loading=\"lazy\" decoding=\"async\" width=\"300\" height=\"169\" src=\"https:\/\/myadventurebike.com\/wp-content\/uploads\/2023\/06\/343585031_840903960722186_7498311007222558950_n-300x169.jpg\" class=\"attachment-medium size-medium wp-post-image\" alt=\"\" style=\"\" srcset=\"https:\/\/myadventurebike.com\/wp-content\/uploads\/2023\/06\/343585031_840903960722186_7498311007222558950_n-300x169.jpg 300w, https:\/\/myadventurebike.com\/wp-content\/uploads\/2023\/06\/343585031_840903960722186_7498311007222558950_n.jpg 715w\" sizes=\"(max-width: 300px) 100vw, 300px\" \/><\/div><a class=\"wp-block-latest-posts__post-title\" href=\"https:\/\/myadventurebike.com\/index.php\/2026\/02\/27\/nouvelle-offensive-des-trails-mid-size-2026-va-rebattre-les-cartes\/\">Nouvelle offensive des trails mid-size : 2026 va rebattre les cartes<\/a><\/li>\n<li><div class=\"wp-block-latest-posts__featured-image aligncenter\"><img loading=\"lazy\" decoding=\"async\" width=\"300\" height=\"169\" src=\"https:\/\/myadventurebike.com\/wp-content\/uploads\/2025\/02\/adrien_tete_vintage_2-300x169.webp\" class=\"attachment-medium size-medium wp-post-image\" alt=\"\" style=\"\" srcset=\"https:\/\/myadventurebike.com\/wp-content\/uploads\/2025\/02\/adrien_tete_vintage_2-300x169.webp 300w, https:\/\/myadventurebike.com\/wp-content\/uploads\/2025\/02\/adrien_tete_vintage_2-768x432.webp 768w, https:\/\/myadventurebike.com\/wp-content\/uploads\/2025\/02\/adrien_tete_vintage_2.webp 1000w\" sizes=\"(max-width: 300px) 100vw, 300px\" \/><\/div><a class=\"wp-block-latest-posts__post-title\" href=\"https:\/\/myadventurebike.com\/index.php\/2026\/01\/28\/enduropale-vintage-2025-la-video\/\">Enduropale Vintage 2025, La vid\u00e9o !<\/a><\/li>\n<li><div class=\"wp-block-latest-posts__featured-image aligncenter\"><img loading=\"lazy\" decoding=\"async\" width=\"300\" height=\"170\" src=\"https:\/\/myadventurebike.com\/wp-content\/uploads\/2026\/01\/filtre_air_wash_blog.webp\" class=\"attachment-medium size-medium wp-post-image\" alt=\"\" style=\"\" \/><\/div><a class=\"wp-block-latest-posts__post-title\" href=\"https:\/\/myadventurebike.com\/index.php\/2026\/01\/10\/nettoyage-du-filtre-a-air\/\">Nettoyage du filtre \u00e0 air<\/a><\/li>\n<li><div class=\"wp-block-latest-posts__featured-image aligncenter\"><img loading=\"lazy\" decoding=\"async\" width=\"300\" height=\"170\" src=\"https:\/\/myadventurebike.com\/wp-content\/uploads\/2025\/12\/noel_gypsy_2025_blog.png\" class=\"attachment-medium size-medium wp-post-image\" alt=\"\" style=\"\" \/><\/div><a class=\"wp-block-latest-posts__post-title\" href=\"https:\/\/myadventurebike.com\/index.php\/2025\/12\/27\/le-noel-de-gypsy\/\">Le No\u00ebl de Gypsy&#8230;<\/a><\/li>\n<li><div class=\"wp-block-latest-posts__featured-image aligncenter\"><img loading=\"lazy\" decoding=\"async\" width=\"300\" height=\"170\" src=\"https:\/\/myadventurebike.com\/wp-content\/uploads\/2025\/12\/sortie_hiver_blog.webp\" class=\"attachment-medium size-medium wp-post-image\" alt=\"\" style=\"\" \/><\/div><a class=\"wp-block-latest-posts__post-title\" href=\"https:\/\/myadventurebike.com\/index.php\/2025\/12\/02\/sortie-trail-hivernale-voici-tout-ce-que-jemmene\/\">Sortie Trail Hivernale : Voici tout ce que j\u2019emm\u00e8ne !<\/a><\/li>\n<\/ul>\n\n\n<p><\/p>\n","protected":false},"excerpt":{"rendered":"<p>Bienvenue sur mon site ! Je t\u2019emm\u00e8ne avec Gypsy, ma fid\u00e8le BMW F800GS , entre pistes roulantes, routes oubli\u00e9es, paysages bruts et lieux charg\u00e9s d\u2019histoire. Ici, c\u2019est du vrai trail, du voyage authentique, du matos test\u00e9 sur le terrain, des vlogs d\u2019aventure, et des conseils pratiques pour ceux qui veulent partir, d\u00e9couvrir\u2026 et surtout rouler. Tu pourras t\u00e9l\u00e9charger les road book de quelques uns de mes road trip et lire mes carnets de voyage. Tu trouveras \u00e9galement quelques tests et le d\u00e9tail de mes \u00e9quipements pilote, moto et vid\u00e9o ! Trail, histoire et libert\u00e9 !On part quand ?Eric Ma nouvelle Cha\u00eene YouTube, version 2 !Aventure moto &amp; trail authentique.Road trips, petites routes, pistes, lieux oubli\u00e9s et d\u00e9couvertes historiques.Vlogs, matos, libert\u00e9.Bienvenue sur Gypsy \u2013 My Adventure Bike. \u00ab\u00a0Je trace ma route avec exigence et curiosit\u00e9, fid\u00e8le \u00e0 mes valeurs,libre d&rsquo;explorer ce qui fait vibrer mon \u00e2me.\u00a0\u00bb<\/p>\n","protected":false},"author":1,"featured_media":0,"parent":0,"menu_order":0,"comment_status":"closed","ping_status":"closed","template":"","meta":{"footnotes":""},"class_list":["post-8","page","type-page","status-publish","hentry"],"acf":[],"_links":{"self":[{"href":"https:\/\/myadventurebike.com\/index.php\/wp-json\/wp\/v2\/pages\/8","targetHints":{"allow":["GET"]}}],"collection":[{"href":"https:\/\/myadventurebike.com\/index.php\/wp-json\/wp\/v2\/pages"}],"about":[{"href":"https:\/\/myadventurebike.com\/index.php\/wp-json\/wp\/v2\/types\/page"}],"author":[{"embeddable":true,"href":"https:\/\/myadventurebike.com\/index.php\/wp-json\/wp\/v2\/users\/1"}],"replies":[{"embeddable":true,"href":"https:\/\/myadventurebike.com\/index.php\/wp-json\/wp\/v2\/comments?post=8"}],"version-history":[{"count":58,"href":"https:\/\/myadventurebike.com\/index.php\/wp-json\/wp\/v2\/pages\/8\/revisions"}],"predecessor-version":[{"id":2402,"href":"https:\/\/myadventurebike.com\/index.php\/wp-json\/wp\/v2\/pages\/8\/revisions\/2402"}],"wp:attachment":[{"href":"https:\/\/myadventurebike.com\/index.php\/wp-json\/wp\/v2\/media?parent=8"}],"curies":[{"name":"wp","href":"https:\/\/api.w.org\/{rel}","templated":true}]}}