{"id":55,"date":"2023-12-21T14:22:11","date_gmt":"2023-12-21T13:22:11","guid":{"rendered":"http:\/\/myadventurebike.fr\/?page_id=55"},"modified":"2025-07-22T10:16:28","modified_gmt":"2025-07-22T08:16:28","slug":"__trashed","status":"publish","type":"page","link":"https:\/\/myadventurebike.com\/index.php\/__trashed\/","title":{"rendered":"News"},"content":{"rendered":"\n<p style=\"font-size:14px\">C&rsquo;est ici que tu vas trouver ma vie de Motard, entre actualit\u00e9, voyages, conseils, projets, etc&#8230;<br><br>Tu pourras \u00e9galement t\u00e9l\u00e9charger librement les fichiers GPX de mes diff\u00e9rents road trip. Ce sera \u00e0 toi de les adapter en fonction de ton point de d\u00e9part.<br>Alors, bonnes lectures, et n&rsquo;h\u00e9sites pas \u00e0 commenter ou \u00e0 demander plus d&rsquo;infos !<br><\/p>\n\n\n\n<div class=\"wp-block-columns is-layout-flex wp-container-core-columns-is-layout-9d6595d7 wp-block-columns-is-layout-flex\">\n<div class=\"wp-block-column is-vertically-aligned-center is-layout-flow wp-block-column-is-layout-flow\" style=\"font-size:11px;flex-basis:100%\"><ul style=\"font-size:12px;font-style:normal;font-weight:300;\" class=\"wp-block-latest-posts__list is-grid columns-3 wp-block-latest-posts\"><li><div class=\"wp-block-latest-posts__featured-image aligncenter\"><img fetchpriority=\"high\" decoding=\"async\" width=\"300\" height=\"170\" src=\"https:\/\/myadventurebike.com\/wp-content\/uploads\/2026\/03\/marais_flandre_blog.webp\" class=\"attachment-medium size-medium wp-post-image\" alt=\"\" style=\"max-width:250px;max-height:280px;\" \/><\/div><a class=\"wp-block-latest-posts__post-title\" href=\"https:\/\/myadventurebike.com\/index.php\/2026\/03\/14\/des-marais-a-la-flandres\/\">Des Marais \u00e0 la Flandres<\/a><\/li>\n<li><div class=\"wp-block-latest-posts__featured-image aligncenter\"><img decoding=\"async\" width=\"300\" height=\"169\" src=\"https:\/\/myadventurebike.com\/wp-content\/uploads\/2023\/06\/343585031_840903960722186_7498311007222558950_n-300x169.jpg\" class=\"attachment-medium size-medium wp-post-image\" alt=\"\" style=\"max-width:250px;max-height:280px;\" srcset=\"https:\/\/myadventurebike.com\/wp-content\/uploads\/2023\/06\/343585031_840903960722186_7498311007222558950_n-300x169.jpg 300w, https:\/\/myadventurebike.com\/wp-content\/uploads\/2023\/06\/343585031_840903960722186_7498311007222558950_n.jpg 715w\" sizes=\"(max-width: 300px) 100vw, 300px\" \/><\/div><a class=\"wp-block-latest-posts__post-title\" href=\"https:\/\/myadventurebike.com\/index.php\/2026\/02\/27\/nouvelle-offensive-des-trails-mid-size-2026-va-rebattre-les-cartes\/\">Nouvelle offensive des trails mid-size : 2026 va rebattre les cartes<\/a><\/li>\n<li><div class=\"wp-block-latest-posts__featured-image aligncenter\"><img decoding=\"async\" width=\"300\" height=\"169\" src=\"https:\/\/myadventurebike.com\/wp-content\/uploads\/2025\/02\/adrien_tete_vintage_2-300x169.webp\" class=\"attachment-medium size-medium wp-post-image\" alt=\"\" style=\"max-width:250px;max-height:280px;\" srcset=\"https:\/\/myadventurebike.com\/wp-content\/uploads\/2025\/02\/adrien_tete_vintage_2-300x169.webp 300w, https:\/\/myadventurebike.com\/wp-content\/uploads\/2025\/02\/adrien_tete_vintage_2-768x432.webp 768w, https:\/\/myadventurebike.com\/wp-content\/uploads\/2025\/02\/adrien_tete_vintage_2.webp 1000w\" sizes=\"(max-width: 300px) 100vw, 300px\" \/><\/div><a class=\"wp-block-latest-posts__post-title\" href=\"https:\/\/myadventurebike.com\/index.php\/2026\/01\/28\/enduropale-vintage-2025-la-video\/\">Enduropale Vintage 2025, La vid\u00e9o !<\/a><\/li>\n<li><div class=\"wp-block-latest-posts__featured-image aligncenter\"><img loading=\"lazy\" decoding=\"async\" width=\"300\" height=\"170\" src=\"https:\/\/myadventurebike.com\/wp-content\/uploads\/2026\/01\/filtre_air_wash_blog.webp\" class=\"attachment-medium size-medium wp-post-image\" alt=\"\" style=\"max-width:250px;max-height:280px;\" \/><\/div><a class=\"wp-block-latest-posts__post-title\" href=\"https:\/\/myadventurebike.com\/index.php\/2026\/01\/10\/nettoyage-du-filtre-a-air\/\">Nettoyage du filtre \u00e0 air<\/a><\/li>\n<li><div class=\"wp-block-latest-posts__featured-image aligncenter\"><img loading=\"lazy\" decoding=\"async\" width=\"300\" height=\"170\" src=\"https:\/\/myadventurebike.com\/wp-content\/uploads\/2025\/12\/noel_gypsy_2025_blog.png\" class=\"attachment-medium size-medium wp-post-image\" alt=\"\" style=\"max-width:250px;max-height:280px;\" \/><\/div><a class=\"wp-block-latest-posts__post-title\" href=\"https:\/\/myadventurebike.com\/index.php\/2025\/12\/27\/le-noel-de-gypsy\/\">Le No\u00ebl de Gypsy&#8230;<\/a><\/li>\n<li><div class=\"wp-block-latest-posts__featured-image aligncenter\"><img loading=\"lazy\" decoding=\"async\" width=\"300\" height=\"170\" src=\"https:\/\/myadventurebike.com\/wp-content\/uploads\/2025\/12\/sortie_hiver_blog.webp\" class=\"attachment-medium size-medium wp-post-image\" alt=\"\" style=\"max-width:250px;max-height:280px;\" \/><\/div><a class=\"wp-block-latest-posts__post-title\" href=\"https:\/\/myadventurebike.com\/index.php\/2025\/12\/02\/sortie-trail-hivernale-voici-tout-ce-que-jemmene\/\">Sortie Trail Hivernale : Voici tout ce que j\u2019emm\u00e8ne !<\/a><\/li>\n<\/ul><\/div>\n<\/div>\n","protected":false},"excerpt":{"rendered":"<p>C&rsquo;est ici que tu vas trouver ma vie de Motard, entre actualit\u00e9, voyages, conseils, projets, etc&#8230; Tu pourras \u00e9galement t\u00e9l\u00e9charger librement les fichiers GPX de mes diff\u00e9rents road trip. Ce sera \u00e0 toi de les adapter en fonction de ton point de d\u00e9part.Alors, bonnes lectures, et n&rsquo;h\u00e9sites pas \u00e0 commenter ou \u00e0 demander plus d&rsquo;infos !<\/p>\n","protected":false},"author":1,"featured_media":0,"parent":0,"menu_order":0,"comment_status":"closed","ping_status":"closed","template":"","meta":{"footnotes":""},"class_list":["post-55","page","type-page","status-publish","hentry"],"acf":[],"_links":{"self":[{"href":"https:\/\/myadventurebike.com\/index.php\/wp-json\/wp\/v2\/pages\/55","targetHints":{"allow":["GET"]}}],"collection":[{"href":"https:\/\/myadventurebike.com\/index.php\/wp-json\/wp\/v2\/pages"}],"about":[{"href":"https:\/\/myadventurebike.com\/index.php\/wp-json\/wp\/v2\/types\/page"}],"author":[{"embeddable":true,"href":"https:\/\/myadventurebike.com\/index.php\/wp-json\/wp\/v2\/users\/1"}],"replies":[{"embeddable":true,"href":"https:\/\/myadventurebike.com\/index.php\/wp-json\/wp\/v2\/comments?post=55"}],"version-history":[{"count":8,"href":"https:\/\/myadventurebike.com\/index.php\/wp-json\/wp\/v2\/pages\/55\/revisions"}],"predecessor-version":[{"id":2028,"href":"https:\/\/myadventurebike.com\/index.php\/wp-json\/wp\/v2\/pages\/55\/revisions\/2028"}],"wp:attachment":[{"href":"https:\/\/myadventurebike.com\/index.php\/wp-json\/wp\/v2\/media?parent=55"}],"curies":[{"name":"wp","href":"https:\/\/api.w.org\/{rel}","templated":true}]}}