{"id":1158,"date":"2024-10-26T10:05:15","date_gmt":"2024-10-26T08:05:15","guid":{"rendered":"https:\/\/gypsy.myadventurebike.com\/?page_id=1158"},"modified":"2026-04-05T15:20:54","modified_gmt":"2026-04-05T13:20:54","slug":"mentions-legales","status":"publish","type":"page","link":"https:\/\/myadventurebike.com\/index.php\/mentions-legales\/","title":{"rendered":"Mentions l\u00e9gales"},"content":{"rendered":"\n<h1 class=\"wp-block-heading\" style=\"font-size: 16px;\"><strong>Responsable du contenu<\/strong><\/h1>\n\n<p style=\"font-size: 14px;\">\u200b<strong>Eric Chevalier &#8211;\u00a0 <a href=\"mailto:eric@myadventurebike.com\" target=\"_blank\" rel=\"noreferrer noopener\">Contact Mail<\/a><\/strong><\/p>\n\n<p style=\"font-size: 16px;\"><strong>\u200bH\u00e9bergement<\/strong> <strong>et Gestion du nom de domaine<\/strong><\/p>\n\n<p style=\"font-size: 14px;\">\u200b OVH SAS &#8211; 2 rue Kellermann &#8211; 59100 Roubaix &#8211; France<\/p>\n\n<p style=\"font-size: 14px;\">\u200b<strong>Cr\u00e9dits Photos \/ Vid\u00e9o<\/strong><br \/>La majorit\u00e9 de photos de ce site sont r\u00e9alis\u00e9es par Claudie et Eric Chevalier, ou proviennent de partenaires .<br \/>Les vid\u00e9os sont r\u00e9alis\u00e9es par Eric Chevalier<\/p>\n\n<p style=\"font-size: 15px;\">\u200b<strong>Textes<\/strong><br \/>Les textes sont r\u00e9dig\u00e9s par Eric Chevalier &#8211; Except\u00e9 les citations , extraits d&rsquo;articles de Wikip\u00e9dia ou en collaboration avec Chat GPT.<\/p>\n\n<h3 class=\"wp-block-heading\">\ud83e\udded Utilisation des traces GPS \u2013 Informations importantes<\/h3>\n\n<p style=\"font-size: 14px;\">Les traces GPS propos\u00e9es sur ce site sont issues de parcours r\u00e9ellement effectu\u00e9s lors de road trips et sorties moto trail. Elles sont partag\u00e9es dans un objectif d\u2019inspiration et de d\u00e9couverte, mais ne constituent en aucun cas un itin\u00e9raire officiel ou garanti.<\/p>\n\n<p style=\"font-size: 14px;\">Les conditions de circulation, l\u2019\u00e9tat des routes ou des pistes, ainsi que les r\u00e9glementations locales peuvent \u00e9voluer \u00e0 tout moment (routes ferm\u00e9es, restrictions d\u2019acc\u00e8s, terrains priv\u00e9s, conditions m\u00e9t\u00e9orologiques\u2026).<\/p>\n\n<p>\ud83d\udc49 <strong>Chaque utilisateur est enti\u00e8rement responsable de son itin\u00e9raire, de sa s\u00e9curit\u00e9 et du respect du code de la route ainsi que des r\u00e9glementations en vigueur.<\/strong><\/p>\n\n<p style=\"font-size: 14px;\">Avant toute utilisation, il est recommand\u00e9 de :<\/p>\n\n<ul class=\"wp-block-list\">\n<li style=\"font-size: 14px;\">V\u00e9rifier l\u2019accessibilit\u00e9 et la l\u00e9galit\u00e9 des voies emprunt\u00e9es<\/li>\n\n<li style=\"font-size: 14px;\">Adapter le parcours \u00e0 son niveau et \u00e0 son type de moto<\/li>\n\n<li style=\"font-size: 14px;\">Tenir compte des conditions m\u00e9t\u00e9o et de terrain<\/li>\n\n<li style=\"font-size: 14px;\">Utiliser un \u00e9quipement adapt\u00e9<\/li>\n<\/ul>\n\n<p style=\"font-size: 14px;\">\u26a0\ufe0f L\u2019auteur ne pourra \u00eatre tenu responsable en cas d\u2019accident, de dommages mat\u00e9riels ou corporels, ou d\u2019infraction survenue lors de l\u2019utilisation de ces traces GPS.<\/p>\n\n<p style=\"font-size: 14px;\">\ud83c\udf3f Merci de respecter l\u2019environnement, les autres usagers et de privil\u00e9gier les chemins autoris\u00e9s.<\/p>\n\n<p style=\"font-size: 15px;\"><br \/><em><strong>Voir aussi<\/strong><br \/><a href=\"https:\/\/gypsy.myadventurebike.com\/index.php\/politique-de-confidentialite\/\" data-type=\"page\" data-id=\"3\">Politique de confidentialit\u00e9<\/a><\/em><\/p>\n\n<p>\u00a0<\/p>\n","protected":false},"excerpt":{"rendered":"<p>Responsable du contenu \u200bEric Chevalier &#8211;\u00a0 Contact Mail \u200bH\u00e9bergement et Gestion du nom de domaine \u200b OVH SAS &#8211; 2 rue Kellermann &#8211; 59100 Roubaix &#8211; France \u200bCr\u00e9dits Photos \/ Vid\u00e9oLa majorit\u00e9 de photos de ce site sont r\u00e9alis\u00e9es par Claudie et Eric Chevalier, ou proviennent de partenaires .Les vid\u00e9os sont r\u00e9alis\u00e9es par Eric Chevalier \u200bTextesLes textes sont r\u00e9dig\u00e9s par Eric Chevalier &#8211; Except\u00e9 les citations , extraits d&rsquo;articles de Wikip\u00e9dia ou en collaboration avec Chat GPT. \ud83e\udded Utilisation des traces GPS \u2013 Informations importantes Les traces GPS propos\u00e9es sur ce site sont issues de parcours r\u00e9ellement effectu\u00e9s lors de road trips et sorties moto trail. Elles sont partag\u00e9es dans un objectif d\u2019inspiration et de d\u00e9couverte, mais ne constituent en aucun cas un itin\u00e9raire officiel ou garanti. Les conditions de circulation, l\u2019\u00e9tat des routes ou des pistes, ainsi que les r\u00e9glementations locales peuvent \u00e9voluer \u00e0 tout moment (routes ferm\u00e9es, restrictions d\u2019acc\u00e8s, terrains priv\u00e9s, conditions m\u00e9t\u00e9orologiques\u2026). \ud83d\udc49 Chaque utilisateur est enti\u00e8rement responsable de son itin\u00e9raire, de sa s\u00e9curit\u00e9 et du respect du code de la route ainsi que des r\u00e9glementations en vigueur. Avant toute utilisation, il est recommand\u00e9 de : \u26a0\ufe0f L\u2019auteur ne pourra \u00eatre tenu responsable en cas d\u2019accident, de dommages mat\u00e9riels ou corporels, ou d\u2019infraction survenue lors de l\u2019utilisation de ces traces GPS. \ud83c\udf3f Merci de respecter l\u2019environnement, les autres usagers et de privil\u00e9gier les chemins autoris\u00e9s. Voir aussiPolitique de confidentialit\u00e9 \u00a0<\/p>\n","protected":false},"author":1,"featured_media":0,"parent":0,"menu_order":0,"comment_status":"closed","ping_status":"closed","template":"","meta":{"footnotes":""},"class_list":["post-1158","page","type-page","status-publish","hentry"],"acf":[],"_links":{"self":[{"href":"https:\/\/myadventurebike.com\/index.php\/wp-json\/wp\/v2\/pages\/1158","targetHints":{"allow":["GET"]}}],"collection":[{"href":"https:\/\/myadventurebike.com\/index.php\/wp-json\/wp\/v2\/pages"}],"about":[{"href":"https:\/\/myadventurebike.com\/index.php\/wp-json\/wp\/v2\/types\/page"}],"author":[{"embeddable":true,"href":"https:\/\/myadventurebike.com\/index.php\/wp-json\/wp\/v2\/users\/1"}],"replies":[{"embeddable":true,"href":"https:\/\/myadventurebike.com\/index.php\/wp-json\/wp\/v2\/comments?post=1158"}],"version-history":[{"count":11,"href":"https:\/\/myadventurebike.com\/index.php\/wp-json\/wp\/v2\/pages\/1158\/revisions"}],"predecessor-version":[{"id":2434,"href":"https:\/\/myadventurebike.com\/index.php\/wp-json\/wp\/v2\/pages\/1158\/revisions\/2434"}],"wp:attachment":[{"href":"https:\/\/myadventurebike.com\/index.php\/wp-json\/wp\/v2\/media?parent=1158"}],"curies":[{"name":"wp","href":"https:\/\/api.w.org\/{rel}","templated":true}]}}